{"id":1950,"date":"2018-04-14T13:56:42","date_gmt":"2018-04-14T13:56:42","guid":{"rendered":"http:\/\/ellaraidel.com\/?page_id=1950"},"modified":"2018-04-16T18:51:47","modified_gmt":"2018-04-16T18:51:47","slug":"agbg","status":"publish","type":"page","link":"https:\/\/ellaraidel.com\/?page_id=1950","title":{"rendered":"AGB"},"content":{"rendered":"<p>Allgemeine Gesch\u00e4ftsbedingungen, Stand April 2018<\/p>\n<p>&nbsp;<\/p>\n<p>Vertragsabschluss \/ Korrekturm\u00f6glichkeit<\/p>\n<p>Die Bestellung des Kunden stellt ein Angebot dar. Ein Vertrag kommt erst nach Annahme unsererseits zustande. Der Kunde wird von unserer Annahme per E-Mail verst\u00e4ndigt.<\/p>\n<p>Eine Bestellung ist nur m\u00f6glich, wenn alle im Bestellformular mit * bezeichneten Pflichtfelder ausgef\u00fcllt sind. Fehlen Angaben oder k\u00f6nnen wir der Bestellung aus sonstigen Gr\u00fcnden nicht nachkommen, erh\u00e4lt der Kunde eine Fehlermeldung. Vor dem endg\u00fcltigen Abschicken der Bestellung erh\u00e4lt der Kunde die M\u00f6glichkeit, seine Bestellung zu korrigieren. Unterst\u00fctzende Detailinformationen erh\u00e4lt der Kunde direkt im Zuge des Bestellvorganges.<\/p>\n<p>Sobald der Bestellvorgang abgeschlossen ist, wird der Kunded ar\u00fcber durch ein Infofenster \u201eIhre Bestellung ist abgeschlossen und wurde erfolgreich an uns versendet\u201c benachrichtigt. Dies stellt unsererseits noch keine Annahme des Angebots des Kunden dar.<\/p>\n<p>&nbsp;<\/p>\n<p>Empfangsbest\u00e4tigung<\/p>\n<p>Wenn die Bestellung bei uns eingelangt ist, wird der Kunde \u00fcber die von ihm bekannt gegebene E-Mail-Adresse vom Eingang seiner Bestellung verst\u00e4ndigt. Diese Verst\u00e4ndigung stellt unsererseits noch keine Annahme des Angebots des Kunden dar.<\/p>\n<p>&nbsp;<\/p>\n<p>Bindung des Kunden an sein Angebot<\/p>\n<p>Der Kunde ist an seine Bestellung 2 Tage ab Zugang dieser Bestellung gebunden. Das gesetzliche Widerrufsrecht (R\u00fccktrittsrecht) bleibt davon unber\u00fchrt.<\/p>\n<p>&nbsp;<\/p>\n<p>Vertragsspeicherung<\/p>\n<p>Der Kaufvertrag wird von uns gespeichert, ist f\u00fcr den Kundenaber \u00fcber unseren Webshop nicht zug\u00e4nglich. Wenn der Kunde den Vertragstext nach seiner Bestellung ausdrucken will, kann er wie folgt vorgehen: Speichern sie bei erflogreicher Darstellung ihrer Bestellliste im Browser einen Screenshot oder die ganze Webseite und speichern ihn als pdf ab.<\/p>\n<p>&nbsp;<\/p>\n<p>Vertragssprache<\/p>\n<p>Die Vertragssprache ist Deutsch\u00a0 (Englische \u00dcbersetzung vorhanden).<\/p>\n<p>&nbsp;<\/p>\n<p>Zielland<\/p>\n<p>Unser Angebot richtet sich an Kunden weltweit.<\/p>\n<p>&nbsp;<\/p>\n<p>Preise und Versandkosten<\/p>\n<p>Alle Preise sind Gesamtpreise. Sie verstehen sich inklusive aller Steuern einschlie\u00dflich Umsatzsteuer und Abgaben sowie Versandkosten, sofern diese nicht gesondert ausgewiesen werden.<\/p>\n<p>&nbsp;<\/p>\n<p>Zahlungsarten<\/p>\n<p>Wir akzeptieren folgende Zahlungsarten<\/p>\n<p>Sepa \u00dcberweisung, Paypal, einige Kreditkarten.<\/p>\n<p>&nbsp;<\/p>\n<p>Vorauszahlung<\/p>\n<p>Ist keine andere Zahlungsart vereinbart, verpflichtet sich der Kunde zur vollst\u00e4ndigen Bezahlung des Kaufpreises bereits bei Vertragsabschluss. Die Lieferung der Ware erfolgt erst nach Eingang des Betrages auf unserem Bankkonto.<\/p>\n<p>&nbsp;<\/p>\n<p>R\u00fccktrittsrecht \/ Widerrufsrecht<\/p>\n<p>Dem in \u00d6sterreich gebr\u00e4uchlichen Begriff \u201eR\u00fccktrittsrecht\u201centspricht der in Deutschland gebr\u00e4uchliche und in der Verbraucherrechte-Richtlinie verwendete Begriff \u201eWiderrufsrecht\u201c. Wir verwenden daher das gleichbedeutende Begriffspaar \u201eWiderrufsrecht (R\u00fccktrittsrecht)\u201c. In der Widerrufsbelehrung wird ausschlie\u00dflich der Begriff \u201eWiderrufsrecht\u201c verwendet. Dies ist gleichbedeutend mit dem \u00f6sterreichischen Begriff \u201eR\u00fccktrittsrecht.<\/p>\n<p>Details dazu finden Sie in der Widerrufsbelehrung. Nicht bestehendes Widerrufsrecht (R\u00fccktrittsrecht)<\/p>\n<p>F\u00fcr Ton- oder Videoaufzeichnungen wie CDs, DVDs etc sowie f\u00fcr Computersoftware die in einer versiegelten Packung geliefert werden entf\u00e4llt das Widerrufsrecht (R\u00fccktrittsrecht), wenn die Waren nach der Lieferung entsiegelt worden sind.<\/p>\n<p>&nbsp;<\/p>\n<p>Hinweis auf die gesetzliche Gew\u00e4hrleitung<\/p>\n<p>Es gelten die Bestimmungen \u00fcber die gesetzliche Gew\u00e4hrleistung. Die Gew\u00e4hrleistungsfrist betr\u00e4gt bei der Lieferung beweglicher Sachen 2 Jahre ab \u00dcbernahme der Ware.<\/p>\n<p>&nbsp;<\/p>\n<p>Kundendienst \/ Gew\u00e4hrleistung<\/p>\n<p>Reklamationen auf Grund gesetzlicher Gew\u00e4hrleistungsanspr\u00fcche oder sonstiger Beschwerden k\u00f6nnen unter den im Impressum genannten Kontaktdaten geltendgemacht werden.<\/p>\n<p>&nbsp;<\/p>\n<p>Garantie<\/p>\n<p>\u00dcber die gesetzliche Gew\u00e4hrleistung hinaus gew\u00e4hren wir keine eigenen Garantien. Die n\u00e4heren Bedingungen allf\u00e4lliger Herstellergarantien finden Sie gegebenenfalls bei den jeweiligen Waren.<\/p>\n<p>&nbsp;<\/p>\n<p>Annahmeverzug<\/p>\n<p>Befindet sich der Verbraucher in Annahmeverzug, sind wir berechtigt, die Ware bei uns einzulagern, wof\u00fcr wir ein Lagergeb\u00fchr von \u20ac 0,2 pro angefangenem Kalendertag in Rechnung stellen. Gleichzeitig bleiben wir berechtigt, auf Vertragserf\u00fcllung zu bestehen.<\/p>\n<p>&nbsp;<\/p>\n<p>Lieferzeitraum<\/p>\n<p>Wenn nicht anders vereinbart, liefern wir innerhalb von 14 Tagen nach unserer Best\u00e4tigung des geschlossenen Vertrages.<\/p>\n<p>&nbsp;<\/p>\n<p>Eigentumsvorbehalt<\/p>\n<p>Die Ware bleibt bis zur vollst\u00e4ndigen Bezahlung unser Eigentum.<\/p>\n<p>&nbsp;<\/p>\n<p>Wirkung des Eigentumsvorbehalts<\/p>\n<p>Im Falle des Zahlungsverzuges des Kunden sind wir berechtigt, unsere Rechte aus dem Eigentumsvorbehalt geltend zu machen. Es wird vereinbart, dass in der Geltendmachung des Eigentumsvorbehalts kein R\u00fccktritt vom Vertrag liegt, au\u00dfer wir erkl\u00e4ren den R\u00fccktritt vom Vertrag ausdr\u00fccklich.<\/p>\n<p>&nbsp;<\/p>\n<p>Datenverarbeitung<\/p>\n<p>Der Kunde stimmt zu, dass folgende pers\u00f6nliche Daten, n\u00e4mlich Name, Land, Adresse, Postcode, Stadt, Telefon und Emailadresse zum Zweck der rechtzeitigen Lieferung bzw. auch zur Erleichterung f\u00fcr k\u00fcnftige \u201eBesuche\u201c im Webshop verarbeitet werden.<\/p>\n<p>&nbsp;<\/p>\n<p>Verwendung von Cookies<\/p>\n<p>Wir weisen darauf hin, dass zum Zwecke des einfacheren Einkaufsvorganges und zur sp\u00e4teren Vertragsabwicklung vom Webshop-Betreiber im Rahmen von Cookies die IP-Daten des Users gespeichert werden, ebenso wie Name, Anschrift und Kreditkartennummer des Eink\u00e4ufers. Eine Daten\u00fcbermittlung an Dritte erfolgt nicht, mit Ausnahme der \u00dcbermittlung der Kreditkartennummer an das Bankinstitut zum Zwecke der Abbuchung des Einkaufspreises. Die Daten Name, Anschrift, Kontodaten bzw. Zahlungsart z.B. Kreditkartennummer werden bis zur Lieferung der Ware oder bis zum Ablauf der Gew\u00e4hrleistungspflicht gespeichert. Die Datenverarbeitung erfolgt auf Basis der gesetzlichen Bestimmung des \u00a7 96 Abs 3 TKG sowie des \u00a7 8 Abs 3 Z 4 DSG.<\/p>\n","protected":false},"excerpt":{"rendered":"<p>Allgemeine Gesch\u00e4ftsbedingungen, Stand April 2018 &nbsp; Vertragsabschluss \/ Korrekturm\u00f6glichkeit Die Bestellung des Kunden stellt ein Angebot dar. Ein Vertrag kommt erst nach Annahme unsererseits zustande. Der Kunde wird von unserer Annahme per E-Mail verst\u00e4ndigt. Eine Bestellung ist nur m\u00f6glich, wenn alle im Bestellformular mit * bezeichneten Pflichtfelder ausgef\u00fcllt sind. Fehlen Angaben oder k\u00f6nnen wir der&#8230;<\/p>\n","protected":false},"author":4,"featured_media":0,"parent":0,"menu_order":0,"comment_status":"closed","ping_status":"closed","template":"","meta":{"spay_email":"","footnotes":""},"jetpack_sharing_enabled":true,"jetpack_shortlink":"https:\/\/wp.me\/P4JnJ4-vs","_links":{"self":[{"href":"https:\/\/ellaraidel.com\/index.php?rest_route=\/wp\/v2\/pages\/1950"}],"collection":[{"href":"https:\/\/ellaraidel.com\/index.php?rest_route=\/wp\/v2\/pages"}],"about":[{"href":"https:\/\/ellaraidel.com\/index.php?rest_route=\/wp\/v2\/types\/page"}],"author":[{"embeddable":true,"href":"https:\/\/ellaraidel.com\/index.php?rest_route=\/wp\/v2\/users\/4"}],"replies":[{"embeddable":true,"href":"https:\/\/ellaraidel.com\/index.php?rest_route=%2Fwp%2Fv2%2Fcomments&post=1950"}],"version-history":[{"count":9,"href":"https:\/\/ellaraidel.com\/index.php?rest_route=\/wp\/v2\/pages\/1950\/revisions"}],"predecessor-version":[{"id":1978,"href":"https:\/\/ellaraidel.com\/index.php?rest_route=\/wp\/v2\/pages\/1950\/revisions\/1978"}],"wp:attachment":[{"href":"https:\/\/ellaraidel.com\/index.php?rest_route=%2Fwp%2Fv2%2Fmedia&parent=1950"}],"curies":[{"name":"wp","href":"https:\/\/api.w.org\/{rel}","templated":true}]}}