{"id":137,"date":"2011-07-08T10:48:16","date_gmt":"2011-07-08T10:48:16","guid":{"rendered":"http:\/\/susanneschneider.bplaced.net\/wordpress\/?page_id=137"},"modified":"2018-04-16T19:06:11","modified_gmt":"2018-04-16T19:06:11","slug":"impressum","status":"publish","type":"page","link":"https:\/\/ellaraidel.com\/?page_id=137","title":{"rendered":"Impressum"},"content":{"rendered":"<p>Offenlegungspflicht gem\u00e4\u00df \u00a7 25 Mediengesetz und E-Commerce-Gesetz (ECG)<\/p>\n<p>Betreiber der Website:<\/p>\n<p>Ella Raidel<br \/>\nB\u00fcrgerspitalgasse 29\/1<br \/>\n1060 Wien<\/p>\n<p>Unternehmensgegenstand: Filmemacherin. K\u00fcnstlerin. Forscherin.<\/p>\n<p>DISCLAIMER \/ HAFTUNGSAUSSCHLUSS \/ COPYRIGHTS<br \/>\n1. ALLGEMEINES:<br \/>\nDie Website www.ellaraidel.com wird von Ella Raidel betrieben.<br \/>\nAlle Seiten und Dokumente (der Website www.ellaraidel.com, sowie jeder sonstige Austausch, egal auf welche Art) dienen ausschliesslich zu Informationszwecken bzw. zum Verkauf von Werken von Ella Raidel. Wir behalten es uns ausdr\u00fccklich vor, Teile der Seiten oder den gesamten Inhalt ohne gesonderte Ank\u00fcndigung zu ver\u00e4ndern, erg\u00e4nzen, l\u00f6schen oder zeitweise oder endg\u00fcltig einzustellen.<\/p>\n<p>2. HAFTUNGSBESCHR\u00c4NKUNG:<br \/>\nDie Inhalte dieser Website werden mit gr\u00f6\u00dftm\u00f6glicher Sorgfalt erstellt. Der Anbieter\/Betreiber \u00fcbernimmt jedoch keine Gew\u00e4hr f\u00fcr die Richtigkeit, Vollst\u00e4ndigkeit und Aktualit\u00e4t der bereitgestellten Inhalte. Die Nutzung der Inhalte der Website erfolgt auf eigene Gefahr des Nutzers. Alle Angaben dienen lediglich der unverbindlichen allgemeinen Information \u00fcber Ella Raidel und ihre Arbeit und ersetzen nicht die eingehende individuelle Recherche \u00fcber die von Ella Raidel bearbeiteten Themen.<br \/>\nNamentlich gekennzeichnete Beitr\u00e4ge geben die Meinung des jeweiligen Autors und nicht immer die Meinung des Anbieters\/Betreibers der Website wieder. Mit der reinen Nutzung der Website des Anbieters kommt keinerlei Vertragsverh\u00e4ltnis zwischen dem Nutzer und dem Anbieter zustande.<\/p>\n<p>3. LINKS:<br \/>\na) Links auf www.ellaraidel.com:<br \/>\nLinks auf diese Website sind erw\u00fcnscht, soweit sie als externe Links gef\u00fchrt werden, die ein neues Browser-Fenster \u00f6ffnen und jeweils komplette Seiten (inkl. Navigation) wiedergeben. Eine \u00dcbernahme der Seiten in einen Frame des Linksetzers ist unzul\u00e4ssig.<br \/>\nb) Externe Links durch www.ellaraidel.com<br \/>\nDiese Website enth\u00e4lt Verkn\u00fcpfungen zu Websites Dritter (&#8220;externe Links&#8221;). Diese Websites unterliegen der Haftung der jeweiligen Betreiber. Der Anbieter hat bei der erstmaligen Verkn\u00fcpfung der externen Links die fremden Inhalte daraufhin \u00fcberpr\u00fcft, ob etwaige Rechtsverst\u00f6\u00dfe bestehen. Zu dem Zeitpunkt waren keine Rechtsverst\u00f6\u00dfe ersichtlich. Der Anbieter hat keinerlei Einfluss auf die aktuelle und zuk\u00fcnftige Gestaltung und auf die Inhalte der verkn\u00fcpften Seiten. Das Setzen von externen Links bedeutet nicht, dass sich der Anbieter die hinter dem Verweis oder Link liegenden Inhalte zu Eigen macht. Eine st\u00e4ndige Kontrolle der externen Links ist f\u00fcr den Anbieter ohne konkrete Hinweise auf Rechtsverst\u00f6\u00dfe nicht zumutbar. Bei Kenntnis von Rechtsverst\u00f6\u00dfen werden jedoch derartige externe Links unverz\u00fcglich gel\u00f6scht.<\/p>\n<p>4. URHEBERRECHT &amp; COPYRIGHTS:<br \/>\nDer Inhalt und die Struktur dieser Website ist urheberrechtlich gesch\u00fctzt. Die Vervielf\u00e4ltigung und Publikation von Informationen oder Daten (Texten oder Textteilen sowie Bildmaterial) darf nur mit unserer vorheriger und ausdr\u00fccklichen Zustimmung erfolgen.<br \/>\n(a) Der Autor (alle Autoren die hier publizieren) ist bestrebt, in allen Publikationen die Urheberrechte der verwendeten Grafiken, Tondokumente, Videosequenzen und Texte zu beachten, von ihm selbst erstellte Grafiken, Tondokumente, Videosequenzen und Texte zu nutzen oder auf lizenzfreie Grafiken, Tondokumente, Videosequenzen und Texte zur\u00fcckzugreifen. Alle innerhalb des Internetangebotes genannten und ggf. durch Dritte gesch\u00fctzten Marken- und Warenzeichen unterliegen uneingeschr\u00e4nkt den Bestimmungen des jeweils g\u00fcltigen Kennzeichenrechts und den Besitzrechten der jeweiligen eingetragenen Eigent\u00fcmer. Allein aufgrund der blo\u00dfen Nennung ist nicht der Schluss zu ziehen, dass Markenzeichen nicht durch Rechte Dritter gesch\u00fctzt sind! Das Copyright f\u00fcr ver\u00f6ffentlichte, vom Autor selbst erstellte Objekte bleibt allein beim Autor der Seiten.<br \/>\n(b) Falls Sie meinen, Ihr Text oder Bild wurde auf www.ellaraidel.com widerrechtlich benutzt, k\u00f6nnen Sie in einer formlosen E-Mail eine Entfernung verlangen. Bitte geben Sie dabei einen Beweis an, dass die Sache Ihnen geh\u00f6rt. Bei Artikeln fremder Autoren wenden Sie sich bitte an den Autor. Das gilt auch f\u00fcr Verlage und Verwertungsgesellschaften. Falls Sie nicht den hier angegebenen Weg gehen, m\u00fcssen wir uns mit legalen Mitteln wehren.<\/p>\n<p>5. DATENSCHUTZ:<br \/>\nWir verpflichten uns, die Privatsph\u00e4re aller Personen zu sch\u00fctzen, die unsere Site nutzen, und die pers\u00f6nlichen Daten, die uns unsere Besucher \u00fcberlassen, vertraulich zu behandeln.<br \/>\nSofern innerhalb der Homepage die M\u00f6glichkeit zur Eingabe pers\u00f6nlicher oder gesch\u00e4ftlicher Daten (Emailadressen, Namen, Adressen) besteht, erfolgt die Preisgabe dieser Daten seitens des Nutzers ausdr\u00fccklich auf freiwilliger Basis. Diese Daten werden nicht an Dritte weitergegeben und ausschliesslich f\u00fcr interne Zwecke verwendet.<\/p>\n<p>6. ZUSCHRIFTEN<br \/>\nZuschriften zu auf www.ellaraidel.com behandelten Themen sind willkommen. Bitte nur per E-Mail an die unter Contact angef\u00fchrte E-Mail Adresse. Wir behalten uns vor, interessante Teile dieser Zuschriften ohne R\u00fcckfrage anonym zu ver\u00f6ffentlichen, ausser die Zuschrift ist entsprechend gekennzeichnet. Auch werden solche Zuschriften in der Regel nicht an andere Personen weitergeleitet. Siehe auch Kapitel Datenschutz. Es besteht kein Recht darauf, dass eine Zuschrift oder ein zugesendeter Text\/Artikel\/Bild ver\u00f6ffentlicht werden.<br \/>\nWir ersuchen anstatt von Faxes Papierdokumente zu scannen und an eine E-Mail anzuh\u00e4ngen.<\/p>\n<p>Die E-Mail Adressen von Zuschriften k\u00f6nnen f\u00fcr von www.ellaraidel.com ausgehende Werbe-Mails f\u00fcr Filme. Veranstaltungen, Seminare, etc. verwendet werden. Sie werden jedoch nicht an andere Interessenten weitergegeben. Mit der Zuschrift auf die oben genannten E-Mail-Adressen stimmt der Absender dieser Verwendung zu.<\/p>\n<p>7. GERICHTSSTAND<br \/>\nEs gilt ausschliesslich das Recht der Republik \u00d6sterreich. Der Gerichtsstand ist das zust\u00e4ndige Gericht in Wien\/\u00d6sterreich.<\/p>\n<p>8. Werbung Datenerfassung von Google und anderen Anbietern und sozialen Netzwerken.<br \/>\n&#8211; Drittanbieter, einschlie\u00dflich Google, verwenden Cookies zur Schaltung von Anzeigen auf Grundlage vorheriger Besuche eines Nutzers auf Ihrer Website.<br \/>\n&#8211; Die Verwendung des DoubleClick-Cookies erm\u00f6glicht Google und seinen Partner-Websites die Schaltung von Anzeigen auf Basis der Besuche von Nutzern auf Ihren Websites bzw. anderen Websites im Internet.<br \/>\n&#8211; Nutzer k\u00f6nnen die Verwendung des DoubleClick-Cookies f\u00fcr interessenbezogene Werbung deaktivieren, indem sie den Anzeigenvorgaben-Manager entsprechend einstellen.<\/p>\n<p><a href=\"https:\/\/ellaraidel.com\/?page_id=1950\" target=\"_blank\" rel=\"noopener\">AGB (Terms of Services)<\/a><\/p>\n","protected":false},"excerpt":{"rendered":"<p>Offenlegungspflicht gem\u00e4\u00df \u00a7 25 Mediengesetz und E-Commerce-Gesetz (ECG) Betreiber der Website: Ella Raidel B\u00fcrgerspitalgasse 29\/1 1060 Wien Unternehmensgegenstand: Filmemacherin. K\u00fcnstlerin. Forscherin. DISCLAIMER \/ HAFTUNGSAUSSCHLUSS \/ COPYRIGHTS 1. ALLGEMEINES: Die Website www.ellaraidel.com wird von Ella Raidel betrieben. Alle Seiten und Dokumente (der Website www.ellaraidel.com, sowie jeder sonstige Austausch, egal auf welche Art) dienen ausschliesslich zu Informationszwecken&#8230;<\/p>\n","protected":false},"author":4,"featured_media":0,"parent":0,"menu_order":0,"comment_status":"closed","ping_status":"open","template":"","meta":{"spay_email":"","footnotes":""},"jetpack_sharing_enabled":true,"jetpack_shortlink":"https:\/\/wp.me\/P4JnJ4-2d","_links":{"self":[{"href":"https:\/\/ellaraidel.com\/index.php?rest_route=\/wp\/v2\/pages\/137"}],"collection":[{"href":"https:\/\/ellaraidel.com\/index.php?rest_route=\/wp\/v2\/pages"}],"about":[{"href":"https:\/\/ellaraidel.com\/index.php?rest_route=\/wp\/v2\/types\/page"}],"author":[{"embeddable":true,"href":"https:\/\/ellaraidel.com\/index.php?rest_route=\/wp\/v2\/users\/4"}],"replies":[{"embeddable":true,"href":"https:\/\/ellaraidel.com\/index.php?rest_route=%2Fwp%2Fv2%2Fcomments&post=137"}],"version-history":[{"count":19,"href":"https:\/\/ellaraidel.com\/index.php?rest_route=\/wp\/v2\/pages\/137\/revisions"}],"predecessor-version":[{"id":1979,"href":"https:\/\/ellaraidel.com\/index.php?rest_route=\/wp\/v2\/pages\/137\/revisions\/1979"}],"wp:attachment":[{"href":"https:\/\/ellaraidel.com\/index.php?rest_route=%2Fwp%2Fv2%2Fmedia&parent=137"}],"curies":[{"name":"wp","href":"https:\/\/api.w.org\/{rel}","templated":true}]}}